{"id":260,"date":"2018-01-23T09:19:34","date_gmt":"2018-01-23T08:19:34","guid":{"rendered":"http:\/\/www.ime.gpeajh.org\/?page_id=260"},"modified":"2018-01-23T12:07:45","modified_gmt":"2018-01-23T11:07:45","slug":"la-procedure-dadmission","status":"publish","type":"page","link":"https:\/\/www.ime.gpeajh.org\/index.php\/la-procedure-dadmission\/","title":{"rendered":"La proc\u00e9dure d&rsquo;admission"},"content":{"rendered":"<p style=\"text-align: justify;\">L\u2019admission est l\u2019\u00e9tape cl\u00e9 du processus d\u2019accompagnement du <strong>Projet Individualis\u00e9<\/strong>. Elle est le r\u00e9sultat d\u2019un processus complet, qui peut \u00eatre d\u00e9crit de la mani\u00e8re suivante :<\/p>\n<div style=\"padding-left: 120px; text-align: justify;\"><strong>1.<\/strong> <strong>Visite de l\u2019\u00e9tablissement<\/strong> et pr\u00e9sentation de son projet<\/div>\n<p><\/p>\n<div style=\"padding-left: 120px; text-align: justify;\"><strong>2.<\/strong> <strong>Notification d\u2019orientation en IME<\/strong> (pr\u00e9cisant l\u2019agr\u00e9ment vis\u00e9) arr\u00eat\u00e9e par la Commission des Droits et de l\u2019Autonomie des Personnes handicap\u00e9es (C.D.A.P.H.)<\/div>\n<p><\/p>\n<div style=\"padding-left: 120px; text-align: justify;\"><strong>3.<\/strong> <strong>Demande officielle d\u2019inscription sur la liste d\u2019attente<\/strong> (conditionn\u00e9e par les 2 \u00e9tapes pr\u00e9c\u00e9dentes et \u00e0 la v\u00e9rification de l\u2019ad\u00e9quation entre la notification et l\u2019agr\u00e9ment de l\u2019\u00e9tablissement)<\/div>\n<p><\/p>\n<div style=\"padding-left: 120px; text-align: justify;\"><strong>4.<\/strong> <strong>Prise de contact<\/strong> \u00e0 l\u2019initiative de l\u2019\u00e9tablissement pour d\u00e9finir une date dite d\u2019admission<\/div>\n<p><\/p>\n<div style=\"padding-left: 120px; text-align: justify;\"><strong>5.<\/strong> <strong>Temps de rencontre<\/strong> et d\u2019\u00e9changes le jour dit d\u2019admission, inscription administrative et signature du Contrat de S\u00e9jour<\/div>\n<p><\/p>\n<div style=\"padding-left: 120px; text-align: justify;\"><strong>6. Journ\u00e9e d\u2019accueil<\/strong> organis\u00e9e de mani\u00e8re particuli\u00e8re pour chaque \u00e9l\u00e8ve, avec accompagnement sp\u00e9cifique par l\u2019\u00e9ducateur ou l\u2019\u00e9ducatrice r\u00e9f\u00e9rent<\/div>\n<p><\/p>\n<div style=\"padding-left: 120px; text-align: justify;\"><strong>7.<\/strong> <strong>Temps d\u2019\u00e9valuation<\/strong> de 3 \u00e0 6 mois maximum avant de d\u00e9finir les premiers objectifs du Projet Individualis\u00e9, en tant qu\u2019avenant au Contrat de S\u00e9jour<\/div>\n<p><\/p>\n<div style=\"text-align: justify;\">Lors de la visite, l\u2019\u00e9tablissement et son projet sont pr\u00e9sent\u00e9s, et un document permettant de formaliser la demande d\u2019inscription sur liste d\u2019attente est remis aux repr\u00e9sentants l\u00e9gaux. Seule la signature de ce document officialise l\u2019inscription sur la liste d\u2019attente : il fait foi en mati\u00e8re de traitement de celle-ci, afin de proposer ult\u00e9rieurement une date d\u2019admission et d\u2019inscription.<\/div>\n<p><\/p>\n<div style=\"text-align: justify;\">Afin de pr\u00e9parer l\u2019accueil \u00e0 l\u2019IME, lors de son inscription, chaque \u00e9l\u00e8ve, ses parents ou son repr\u00e9sentant l\u00e9gal sont re\u00e7us par le directeur de l\u2019\u00e9tablissement puis par le m\u00e9decin psychiatre le jour dit d\u2019admission. Ils rencontrent \u00e9galement le chef du service \u00e9ducatif et, s\u2019il s\u2019agit d\u2019une admission en internat, la ling\u00e8re. Le dossier d\u2019admission est rempli avec la secr\u00e9taire et l\u2019infirmi\u00e8re.<\/div>\n<p><\/p>\n<div style=\"text-align: justify;\"><strong> Le<\/strong> <strong>contrat de s\u00e9jour<\/strong> est \u00e9tabli lors de l\u2019admission. Il est remis \u00e0 chaque \u00e9l\u00e8ve et \u00e0 son repr\u00e9sentant l\u00e9gal. Il est sign\u00e9 par toutes les parties dans le mois qui suit l\u2019admission.<\/div>\n<p><\/p>\n<div style=\"text-align: justify;\"><strong>Le livret d\u2019accueil<\/strong> garantissant l\u2019exercice effectif des droits pour toute personne accueillie est remis. Ce livret est compl\u00e9t\u00e9 par le r\u00e8glement de fonctionnement et par la Charte des Droits et Libert\u00e9s de la Personne Accueillie. Les responsables l\u00e9gaux de l \u2018\u00e9l\u00e8ve doivent l\u2019accompagner le premier jour afin de rencontrer l\u2019\u00e9ducateur (trice) et l\u2019enseignant (e) d\u00e9sign\u00e9s comme r\u00e9f\u00e9rents. Si besoin, l\u2019IME se rapproche de l\u2019\u00e9tablissement d\u2019origine afin d\u2019avoir les \u00e9l\u00e9ments du dossier \u00e0 l\u2019accueil de l\u2019\u00e9l\u00e8ve.<\/div>\n<p><\/p>\n<div style=\"text-align: justify;\"><strong>\u00c0 noter :<\/strong> l\u2019inscription sur la liste d\u2019attente de l\u2019\u00e9tablissement est trait\u00e9e comme un engagement mutuel entre l\u2019\u00e9tablissement et les repr\u00e9sentants l\u00e9gaux. Elle engage l\u2019\u00e9tablissement \u00e0 contacter les repr\u00e9sentants l\u00e9gaux d\u00e8s qu\u2019une place peut \u00eatre propos\u00e9e pour une admission. Elle engage les repr\u00e9sentants l\u00e9gaux \u00e0 informer l\u2019\u00e9tablissement d\u2019un changement de situation qui engendrerait une d\u00e9cision de leur part \u00e0 renoncer \u00e0 cette l\u2019inscription sur la liste d\u2019attente de l\u2019IME.<\/div>\n","protected":false},"excerpt":{"rendered":"<p>L\u2019admission est l\u2019\u00e9tape cl\u00e9 du processus d\u2019accompagnement du Projet Individualis\u00e9. Elle est le r\u00e9sultat d\u2019un processus complet, qui peut \u00eatre d\u00e9crit de la mani\u00e8re suivante : 1. Visite de l\u2019\u00e9tablissement et pr\u00e9sentation de son projet 2. Notification d\u2019orientation en IME (pr\u00e9cisant l\u2019agr\u00e9ment vis\u00e9) arr\u00eat\u00e9e par la Commission des Droits et de l\u2019Autonomie des Personnes handicap\u00e9es [&hellip;]<\/p>\n","protected":false},"author":1,"featured_media":0,"parent":0,"menu_order":0,"comment_status":"closed","ping_status":"closed","template":"","meta":{"footnotes":""},"class_list":["post-260","page","type-page","status-publish","hentry"],"_links":{"self":[{"href":"https:\/\/www.ime.gpeajh.org\/index.php\/wp-json\/wp\/v2\/pages\/260","targetHints":{"allow":["GET"]}}],"collection":[{"href":"https:\/\/www.ime.gpeajh.org\/index.php\/wp-json\/wp\/v2\/pages"}],"about":[{"href":"https:\/\/www.ime.gpeajh.org\/index.php\/wp-json\/wp\/v2\/types\/page"}],"author":[{"embeddable":true,"href":"https:\/\/www.ime.gpeajh.org\/index.php\/wp-json\/wp\/v2\/users\/1"}],"replies":[{"embeddable":true,"href":"https:\/\/www.ime.gpeajh.org\/index.php\/wp-json\/wp\/v2\/comments?post=260"}],"version-history":[{"count":10,"href":"https:\/\/www.ime.gpeajh.org\/index.php\/wp-json\/wp\/v2\/pages\/260\/revisions"}],"predecessor-version":[{"id":323,"href":"https:\/\/www.ime.gpeajh.org\/index.php\/wp-json\/wp\/v2\/pages\/260\/revisions\/323"}],"wp:attachment":[{"href":"https:\/\/www.ime.gpeajh.org\/index.php\/wp-json\/wp\/v2\/media?parent=260"}],"curies":[{"name":"wp","href":"https:\/\/api.w.org\/{rel}","templated":true}]}}