{"id":1318,"date":"2019-05-29T15:04:55","date_gmt":"2019-05-29T13:04:55","guid":{"rendered":"https:\/\/www.ime.gpeajh.org\/?page_id=1318"},"modified":"2019-11-08T16:08:19","modified_gmt":"2019-11-08T15:08:19","slug":"lhistoire-de-letablissement","status":"publish","type":"page","link":"https:\/\/www.ime.gpeajh.org\/index.php\/lhistoire-de-letablissement\/","title":{"rendered":"L&rsquo;histoire de l&rsquo;\u00e9tablissement"},"content":{"rendered":"<p><span style=\"text-decoration: underline;color: #076179\"><strong>L&rsquo;IME du GPEAJH : une volont\u00e9 associative fondatrice<\/strong><\/span><\/p>\n<p style=\"text-align: justify\">L&rsquo;institut M\u00e9dico-\u00c9ducatif du GPEAJH, aussi connu sur le bassin r\u00e9mois comme \u00e9tant l&rsquo;IME \u00ab\u00a0Le Clos Villers\u00a0\u00bb, ou \u00ab\u00a0l&rsquo;IME de Villers-Franqueux\u00a0\u00bb, est un \u00e9tablissement qui a ouvert ses portes pour la premi\u00e8re fois le 19 mai 1970.<\/p>\n<p style=\"text-align: justify\">Cette ouverture, \u00e0 quelques jours pr\u00e8s, s&rsquo;est faite un an apr\u00e8s la cr\u00e9ation de l&rsquo;association du GPEAJH, et ce n&rsquo;est pas un hasard.<\/p>\n<p style=\"text-align: justify\">En effet, l&rsquo;association a \u00e9t\u00e9 fond\u00e9e d\u00e8s le d\u00e9part\u00a0<span style=\"text-decoration: underline\">avec<\/span> l&rsquo;intention de cr\u00e9er cet \u00e9tablissement, sur un bassin r\u00e9mois o\u00f9 il \u00e9tait constat\u00e9 \u00e0 l&rsquo;\u00e9poque que les IME existants ne disposaient d&rsquo;aucun moyen de scolarisation des \u00e9l\u00e8ves qu&rsquo;ils accueillaient. En 1969, \u00e0 Reims, \u00eatre orient\u00e9 en IME entra\u00eenait donc \u00e0 une d\u00e9scolarisation de fait.<\/p>\n<p style=\"text-align: justify\">Ce constat avait quelque chose d&rsquo;intol\u00e9rable pour les fondateurs du GPEAJH, tous issus, de pr\u00e8s ou de loin, de l&rsquo;\u00c9ducation Nationale, et plus particuli\u00e8rement de l&rsquo;enseignement sp\u00e9cialis\u00e9.<\/p>\n<p style=\"text-align: justify\">La conviction alors \u00e0 l&rsquo;oeuvre, et qui pr\u00e9side toujours \u00e0 l&rsquo;action de nos \u00e9quipes, est que le handicap ne peut et ne doit en aucun cas \u00eatre synonyme d&rsquo;un \u00e9loignement des apprentissages scolaires pour les enfants qui le vivent.<\/p>\n<p style=\"text-align: justify\">35 ans avant la Loi du 11 f\u00e9vrier 2005, le GPEAJH posait donc d\u00e9j\u00e0 les fondements du concept de \u00ab\u00a0<em>l&rsquo;enfant handicap\u00e9 en tant qu&rsquo;\u00e9l\u00e8ve avant tout, comme n&rsquo;importe quel autre enfant<\/em>\u00ab\u00a0.<\/p>\n<p style=\"text-align: justify\">C&rsquo;est cette conviction de l&rsquo;\u00e9ducabilit\u00e9 de tout individu qui traverse toute l&rsquo;histoire de notre association, et des \u00e9tablissements et services qu&rsquo;elle g\u00e8re.<\/p>\n<p>&nbsp;<\/p>\n<p><span style=\"text-decoration: underline;color: #076179\"><strong>Des d\u00e9buts en friches<\/strong><\/span><\/p>\n<p style=\"text-align: justify\">Le site du Clos Villers a \u00e9t\u00e9 achet\u00e9 par l&rsquo;association au Comit\u00e9 d&rsquo;Entreprise du journal l&rsquo;Union, qui l&rsquo;utilisait auparavant comme un lieu de colonie de vacances pour les enfants des salari\u00e9s du journal.<\/p>\n<p style=\"text-align: justify\">\u00c0 l&rsquo;acquisition, le site ne comprenait que les b\u00e2timents historiques \u00ab\u00a0d&rsquo;origine\u00a0\u00bb (le manoir &#8211; appel\u00e9 affectueusement \u00ab\u00a0le ch\u00e2teau\u00a0\u00bb &#8211; avec ses d\u00e9pendances), et un parc arbor\u00e9 \u00e0 d\u00e9fricher enti\u00e8rement.<\/p>\n<p style=\"text-align: justify\">Pour pouvoir accueillir dans de bonnes conditions les 40 premiers \u00e9l\u00e8ves pr\u00e9vus pour le deuxi\u00e8me semestre 1970, les fondateurs et les premiers salari\u00e9s de l&rsquo;association ont donc d\u00fb int\u00e9gralement d\u00e9fricher le site, et y installer des pr\u00e9-fabriqu\u00e9s c\u00e9d\u00e9s par la municipalit\u00e9 de Reims.<\/p>\n<p>&nbsp;<\/p>\n<p><span style=\"text-decoration: underline;color: #076179\"><strong>La professionnalisation dans les g\u00eanes<\/strong><\/span><\/p>\n<p>1981 : cr\u00e9ation IMPro (cf. annexe, ancienne \u00e9picerie &#8211; boulangerie &#8211; mercerie du village)<\/p>\n<p>&nbsp;<\/p>\n<p><span style=\"text-decoration: underline;color: #076179\"><strong>Le projet \u00ab\u00a0Villers en dur\u00a0\u00bb<\/strong><\/span><\/p>\n<p>1994 : chantier de construction du b\u00e2timent \u00e9cole<\/p>\n<p>2006 : internat + gymnase<\/p>\n<p>2009 : r\u00e9novation du ch\u00e2teau pour y accueillir les services administratifs aux 1er et 2\u00e8me \u00e9tages<\/p>\n<p>2018 : r\u00e9am\u00e9nagement de la loge d&rsquo;accueil pour installer les bureaux et la salle de r\u00e9union de l&rsquo;intendance<\/p>\n<p>&nbsp;<\/p>\n<p><span style=\"text-decoration: underline\"><strong>Historique des agr\u00e9ments<\/strong><\/span><\/p>\n<p><span style=\"color: #076179\"><strong>19.06.1970 :<\/strong><\/span> 40 places enfants des deux sexes de 5 \u00e0 12\/14 ans pr\u00e9sentant un QI de 50 \u00e0 65, en semi-internat<\/p>\n<p><span style=\"color: #076179\"><strong>01.01.1971 :<\/strong><\/span> 40 places enfants des deux sexes de 5 \u00e0 12\/14 ans pr\u00e9sentant un QI de 50 \u00e0 65, dont 24 places d&rsquo;internat gar\u00e7ons<\/p>\n<p><span style=\"color: #076179\"><strong>08.02.1971 :<\/strong><\/span> 50 places enfants des deux sexes de 5 \u00e0 12\/14 ans pr\u00e9sentant un QI de 50 \u00e0 65, dont 24 places d&rsquo;internat gar\u00e7ons<\/p>\n<p><span style=\"color: #076179\"><strong>22.09.1972 :<\/strong><\/span> 50 places enfants des deux sexes de 6 \u00e0 14 ans pr\u00e9sentant un QI de 50 \u00e0 65, avec de l\u00e9gers troubles associ\u00e9s, dont 24 places d&rsquo;internat gar\u00e7ons<\/p>\n<p><span style=\"color: #076179\"><strong>01.09.1974 :<\/strong><\/span> 72 places de 6 \u00e0 14 ans en section IMP + 12 adolescents de 14 \u00e0 16 ans en section pr\u00e9-professionnelle,\u00a0dont 24 places d&rsquo;internat gar\u00e7ons<\/p>\n<p><span style=\"color: #076179\"><strong>19.12.1980 :<\/strong><\/span> 42 places de 6 \u00e0 14 ans en section IMP + 42 places en section IMPro, de 6 \u00e0 21 ans,\u00a0dont 24 places d&rsquo;internat gar\u00e7ons<\/p>\n<p style=\"padding-left: 40px\"><em>12.09.1980 : signature du bail de location pour l&rsquo;appartement A dans le quartier des Ch\u00e2tillons \u00e0 Reims (pour une partie des 24 places d&rsquo;internat gar\u00e7ons)<\/em><\/p>\n<p style=\"padding-left: 40px\"><em>01.05.1985 : signature du bail de location pour l&rsquo;appartement B dans le quartier des Ch\u00e2tillons \u00e0 Reims (pour une partie des 24 places d&rsquo;internat gar\u00e7ons)<\/em><\/p>\n<p><span style=\"color: #076179\"><strong>17.05.1993 :<\/strong><\/span> 84 places pour des gar\u00e7ons et filles de 6 \u00e0 20 ans d\u00e9ficients intellectuels, dont 24 en internat &#8211; mixte ! &#8211; de semaine<\/p>\n<p><span style=\"color: #076179\"><strong>19.11.1999 :<\/strong><\/span> 84 places pour des gar\u00e7ons et filles de 6 \u00e0 20 ans d\u00e9ficients intellectuels, dont 22 en internat de semaine<\/p>\n<p><span style=\"color: #076179\"><strong>10.12.2001 :<\/strong><\/span> 84 places pour des gar\u00e7ons et filles de 6 \u00e0 20 ans d\u00e9ficients intellectuels, dont 14 en internat de semaine<\/p>\n","protected":false},"excerpt":{"rendered":"<p>L&rsquo;IME du GPEAJH : une volont\u00e9 associative fondatrice L&rsquo;institut M\u00e9dico-\u00c9ducatif du GPEAJH, aussi connu sur le bassin r\u00e9mois comme \u00e9tant l&rsquo;IME \u00ab\u00a0Le Clos Villers\u00a0\u00bb, ou \u00ab\u00a0l&rsquo;IME de Villers-Franqueux\u00a0\u00bb, est un \u00e9tablissement qui a ouvert ses portes pour la premi\u00e8re fois le 19 mai 1970. Cette ouverture, \u00e0 quelques jours pr\u00e8s, s&rsquo;est faite un an apr\u00e8s [&hellip;]<\/p>\n","protected":false},"author":1,"featured_media":0,"parent":0,"menu_order":0,"comment_status":"closed","ping_status":"closed","template":"","meta":{"footnotes":""},"class_list":["post-1318","page","type-page","status-publish","hentry"],"_links":{"self":[{"href":"https:\/\/www.ime.gpeajh.org\/index.php\/wp-json\/wp\/v2\/pages\/1318","targetHints":{"allow":["GET"]}}],"collection":[{"href":"https:\/\/www.ime.gpeajh.org\/index.php\/wp-json\/wp\/v2\/pages"}],"about":[{"href":"https:\/\/www.ime.gpeajh.org\/index.php\/wp-json\/wp\/v2\/types\/page"}],"author":[{"embeddable":true,"href":"https:\/\/www.ime.gpeajh.org\/index.php\/wp-json\/wp\/v2\/users\/1"}],"replies":[{"embeddable":true,"href":"https:\/\/www.ime.gpeajh.org\/index.php\/wp-json\/wp\/v2\/comments?post=1318"}],"version-history":[{"count":3,"href":"https:\/\/www.ime.gpeajh.org\/index.php\/wp-json\/wp\/v2\/pages\/1318\/revisions"}],"predecessor-version":[{"id":1896,"href":"https:\/\/www.ime.gpeajh.org\/index.php\/wp-json\/wp\/v2\/pages\/1318\/revisions\/1896"}],"wp:attachment":[{"href":"https:\/\/www.ime.gpeajh.org\/index.php\/wp-json\/wp\/v2\/media?parent=1318"}],"curies":[{"name":"wp","href":"https:\/\/api.w.org\/{rel}","templated":true}]}}